{"id":912,"date":"2023-05-12T18:15:55","date_gmt":"2023-05-12T16:15:55","guid":{"rendered":"https:\/\/trueself-teneriffa.de\/?page_id=912"},"modified":"2026-01-05T18:06:37","modified_gmt":"2026-01-05T17:06:37","slug":"outdoor-cooking","status":"publish","type":"page","link":"https:\/\/trueself-teneriffa.de\/en\/outdoor-cooking\/","title":{"rendered":"OUTDOOR cooking"},"content":{"rendered":"<div data-elementor-type=\"wp-page\" data-elementor-id=\"912\" class=\"elementor elementor-912\" data-elementor-post-type=\"page\">\n\t\t\t\t<div class=\"elementor-element elementor-element-f9ec12b e-con-full e-flex e-con e-parent\" data-id=\"f9ec12b\" data-element_type=\"container\">\n\t\t\t\t<div class=\"elementor-element elementor-element-6aa89a7 elementor-widget__width-inherit elementor--h-position-center elementor--v-position-middle elementor-arrows-position-inside elementor-pagination-position-inside elementor-widget elementor-widget-slides\" data-id=\"6aa89a7\" data-element_type=\"widget\" data-settings=\"{&quot;autoplay_speed&quot;:6000,&quot;transition_speed&quot;:800,&quot;navigation&quot;:&quot;both&quot;,&quot;autoplay&quot;:&quot;yes&quot;,&quot;pause_on_hover&quot;:&quot;yes&quot;,&quot;pause_on_interaction&quot;:&quot;yes&quot;,&quot;infinite&quot;:&quot;yes&quot;,&quot;transition&quot;:&quot;slide&quot;}\" data-widget_type=\"slides.default\">\n\t\t\t\t<div class=\"elementor-widget-container\">\n\t\t\t\t\t\t\t\t\t<div class=\"elementor-swiper\">\n\t\t\t\t\t<div class=\"elementor-slides-wrapper elementor-main-swiper swiper\" role=\"region\" aria-roledescription=\"carousel\" aria-label=\"Slides\" dir=\"ltr\" data-animation=\"fadeInUp\">\n\t\t\t\t<div class=\"swiper-wrapper elementor-slides\">\n\t\t\t\t\t\t\t\t\t\t<div class=\"elementor-repeater-item-a716acd swiper-slide\" role=\"group\" aria-roledescription=\"slide\"><div class=\"swiper-slide-bg elementor-ken-burns elementor-ken-burns--in\" role=\"img\" aria-label=\"trueself-teneriffa-freiluftmanufaktur\"><\/div><div class=\"elementor-background-overlay\"><\/div><div class=\"swiper-slide-inner\" ><div class=\"swiper-slide-contents\"><div class=\"elementor-slide-heading\">Outdoor-Coocking<\/div><div class=\"elementor-slide-description\">Exclusiv - leidenschaftlich - au\u00dfergew\u00f6hnlich - perfekt<\/div><\/div><\/div><\/div>\t\t\t\t<\/div>\n\t\t\t\t\t\t\t<\/div>\n\t\t\t\t<\/div>\n\t\t\t\t\t\t\t\t<\/div>\n\t\t\t\t<\/div>\n\t\t\t\t<\/div>\n\t\t<div class=\"elementor-element elementor-element-bde667e e-flex e-con-boxed e-con e-parent\" data-id=\"bde667e\" data-element_type=\"container\">\n\t\t\t\t\t<div class=\"e-con-inner\">\n\t\t<div class=\"elementor-element elementor-element-7f6b1f0 e-con-full e-flex e-con e-child\" data-id=\"7f6b1f0\" data-element_type=\"container\">\n\t\t\t\t<div class=\"elementor-element elementor-element-5889553 elementor-widget elementor-widget-heading\" data-id=\"5889553\" data-element_type=\"widget\" data-widget_type=\"heading.default\">\n\t\t\t\t<div class=\"elementor-widget-container\">\n\t\t\t\t\t<h1 class=\"elementor-heading-title elementor-size-default translation-block\">Freiluft <br>K\u00fcche<\/h1>\t\t\t\t<\/div>\n\t\t\t\t<\/div>\n\t\t\t\t<div class=\"elementor-element elementor-element-8a696b5 elementor-widget elementor-widget-text-editor\" data-id=\"8a696b5\" data-element_type=\"widget\" data-widget_type=\"text-editor.default\">\n\t\t\t\t<div class=\"elementor-widget-container\">\n\t\t\t\t\t\t\t\t\t<p>An open-air kitchen impresses with its clear design language without compromising on equipment and workmanship. The entire carcass is screwed by hand and yet not a single screw is visible. The harmonious overall appearance of powder-coated precision panels made of sea aluminum is rounded off by a cover plate made of flamed Nero Assoluto. The solid oak shelves form a harmonious contrast to the solid aluminum and the deep black Nero Assoluto. The customizable modular system of the open-air kitchen offers unlimited possibilities to give free rein to your ideas and create the open-air kitchen of your dreams - no matter in which RAL color. We use only the highest quality materials that are weather resistant for 365 days.<\/p>\t\t\t\t\t\t\t\t<\/div>\n\t\t\t\t<\/div>\n\t\t\t\t<div class=\"elementor-element elementor-element-49fa8b3 elementor-widget elementor-widget-button\" data-id=\"49fa8b3\" data-element_type=\"widget\" data-widget_type=\"button.default\">\n\t\t\t\t<div class=\"elementor-widget-container\">\n\t\t\t\t\t\t\t\t\t<div class=\"elementor-button-wrapper\">\n\t\t\t\t\t<a class=\"elementor-button elementor-button-link elementor-size-sm\" href=\"https:\/\/www.freiluftkueche.com\/\" target=\"_blank\">\n\t\t\t\t\t\t<span class=\"elementor-button-content-wrapper\">\n\t\t\t\t\t\t\t\t\t<span class=\"elementor-button-text\">go to FREILUFTK\u00dcCHE<\/span>\n\t\t\t\t\t<\/span>\n\t\t\t\t\t<\/a>\n\t\t\t\t<\/div>\n\t\t\t\t\t\t\t\t<\/div>\n\t\t\t\t<\/div>\n\t\t\t\t<\/div>\n\t\t<div class=\"elementor-element elementor-element-3b22d3f e-con-full e-flex e-con e-child\" data-id=\"3b22d3f\" data-element_type=\"container\">\n\t\t\t\t<div class=\"elementor-element elementor-element-0cc45cf elementor-widget elementor-widget-image\" data-id=\"0cc45cf\" data-element_type=\"widget\" data-widget_type=\"image.default\">\n\t\t\t\t<div class=\"elementor-widget-container\">\n\t\t\t\t\t\t\t\t\t\t\t\t\t\t\t<img fetchpriority=\"high\" decoding=\"async\" width=\"800\" height=\"189\" src=\"https:\/\/trueself-teneriffa.de\/wp-content\/uploads\/2023\/05\/Freiluftkueche_logo_gr@2x-1024x242.png\" class=\"attachment-large size-large wp-image-1014\" alt=\"\" srcset=\"https:\/\/trueself-teneriffa.de\/wp-content\/uploads\/2023\/05\/Freiluftkueche_logo_gr@2x-1024x242.png 1024w, https:\/\/trueself-teneriffa.de\/wp-content\/uploads\/2023\/05\/Freiluftkueche_logo_gr@2x-300x71.png 300w, https:\/\/trueself-teneriffa.de\/wp-content\/uploads\/2023\/05\/Freiluftkueche_logo_gr@2x-768x182.png 768w, https:\/\/trueself-teneriffa.de\/wp-content\/uploads\/2023\/05\/Freiluftkueche_logo_gr@2x.png 1512w\" sizes=\"(max-width: 800px) 100vw, 800px\" \/>\t\t\t\t\t\t\t\t\t\t\t\t\t\t\t<\/div>\n\t\t\t\t<\/div>\n\t\t\t\t<\/div>\n\t\t\t\t\t<\/div>\n\t\t\t\t<\/div>\n\t\t<div class=\"elementor-element elementor-element-2a6bf7a e-flex e-con-boxed e-con e-parent\" data-id=\"2a6bf7a\" data-element_type=\"container\">\n\t\t\t\t\t<div class=\"e-con-inner\">\n\t\t<div class=\"elementor-element elementor-element-f9f2862 e-con-full e-flex e-con e-child\" data-id=\"f9f2862\" data-element_type=\"container\">\n\t\t\t\t<div class=\"elementor-element elementor-element-f257d84 elementor-widget elementor-widget-heading\" data-id=\"f257d84\" data-element_type=\"widget\" data-widget_type=\"heading.default\">\n\t\t\t\t<div class=\"elementor-widget-container\">\n\t\t\t\t\t<h1 class=\"elementor-heading-title elementor-size-default\">Freiluft<br>Manufaktur<\/h1>\t\t\t\t<\/div>\n\t\t\t\t<\/div>\n\t\t\t\t<div class=\"elementor-element elementor-element-e17f23d elementor-widget elementor-widget-text-editor\" data-id=\"e17f23d\" data-element_type=\"widget\" data-widget_type=\"text-editor.default\">\n\t\t\t\t<div class=\"elementor-widget-container\">\n\t\t\t\t\t\t\t\t\t<p>With its high-quality products Freiluftmanufaktur Freiluftk\u00fcche and Freiluftfeuer stands for uncompromising quality, timeless design and consummate craftsmanship. With attention to detail and a lot of heart and soul, we make the vision of your individual outdoor living dream come true.<\/p>\t\t\t\t\t\t\t\t<\/div>\n\t\t\t\t<\/div>\n\t\t\t\t<div class=\"elementor-element elementor-element-479da0a elementor-widget elementor-widget-button\" data-id=\"479da0a\" data-element_type=\"widget\" data-widget_type=\"button.default\">\n\t\t\t\t<div class=\"elementor-widget-container\">\n\t\t\t\t\t\t\t\t\t<div class=\"elementor-button-wrapper\">\n\t\t\t\t\t<a class=\"elementor-button elementor-button-link elementor-size-sm\" href=\"https:\/\/www.freiluftkueche.com\/\" target=\"_blank\">\n\t\t\t\t\t\t<span class=\"elementor-button-content-wrapper\">\n\t\t\t\t\t\t\t\t\t<span class=\"elementor-button-text\">Go to FREILUFTMANUFAKTUR<\/span>\n\t\t\t\t\t<\/span>\n\t\t\t\t\t<\/a>\n\t\t\t\t<\/div>\n\t\t\t\t\t\t\t\t<\/div>\n\t\t\t\t<\/div>\n\t\t\t\t<\/div>\n\t\t<div class=\"elementor-element elementor-element-4e65c9d e-con-full e-flex e-con e-child\" data-id=\"4e65c9d\" data-element_type=\"container\">\n\t\t\t\t<div class=\"elementor-element elementor-element-0975fa0 elementor-widget elementor-widget-image\" data-id=\"0975fa0\" data-element_type=\"widget\" data-widget_type=\"image.default\">\n\t\t\t\t<div class=\"elementor-widget-container\">\n\t\t\t\t\t\t\t\t\t\t\t\t\t\t\t<img decoding=\"async\" width=\"800\" height=\"197\" src=\"https:\/\/trueself-teneriffa.de\/wp-content\/uploads\/2023\/05\/FLM_logo_g.svg\" class=\"attachment-large size-large wp-image-1019\" alt=\"\" \/>\t\t\t\t\t\t\t\t\t\t\t\t\t\t\t<\/div>\n\t\t\t\t<\/div>\n\t\t\t\t<\/div>\n\t\t\t\t\t<\/div>\n\t\t\t\t<\/div>\n\t\t<div class=\"elementor-element elementor-element-3e27abb e-con-full e-flex e-con e-parent\" data-id=\"3e27abb\" data-element_type=\"container\">\n\t\t\t\t<div class=\"elementor-element elementor-element-e61f03a elementor-widget elementor-widget-gallery\" data-id=\"e61f03a\" data-element_type=\"widget\" data-settings=\"{&quot;columns&quot;:2,&quot;lazyload&quot;:&quot;yes&quot;,&quot;gallery_layout&quot;:&quot;grid&quot;,&quot;columns_tablet&quot;:2,&quot;columns_mobile&quot;:1,&quot;gap&quot;:{&quot;unit&quot;:&quot;px&quot;,&quot;size&quot;:10,&quot;sizes&quot;:[]},&quot;gap_tablet&quot;:{&quot;unit&quot;:&quot;px&quot;,&quot;size&quot;:10,&quot;sizes&quot;:[]},&quot;gap_mobile&quot;:{&quot;unit&quot;:&quot;px&quot;,&quot;size&quot;:10,&quot;sizes&quot;:[]},&quot;link_to&quot;:&quot;file&quot;,&quot;aspect_ratio&quot;:&quot;3:2&quot;,&quot;overlay_background&quot;:&quot;yes&quot;,&quot;content_hover_animation&quot;:&quot;fade-in&quot;}\" data-widget_type=\"gallery.default\">\n\t\t\t\t<div class=\"elementor-widget-container\">\n\t\t\t\t\t\t\t<div class=\"elementor-gallery__container\">\n\t\t\t\t\t\t\t<a class=\"e-gallery-item elementor-gallery-item elementor-animated-content\" href=\"https:\/\/trueself-teneriffa.de\/wp-content\/uploads\/2023\/05\/trueself-teneriffa-freiluftkueche-scaled.jpg\" data-elementor-open-lightbox=\"yes\" data-elementor-lightbox-slideshow=\"e61f03a\" data-e-action-hash=\"#elementor-action%3Aaction%3Dlightbox%26settings%3DeyJpZCI6MTAxMCwidXJsIjoiaHR0cHM6XC9cL3RydWVzZWxmLXRlbmVyaWZmYS5kZVwvd3AtY29udGVudFwvdXBsb2Fkc1wvMjAyM1wvMDVcL3RydWVzZWxmLXRlbmVyaWZmYS1mcmVpbHVmdGt1ZWNoZS1zY2FsZWQuanBnIiwic2xpZGVzaG93IjoiZTYxZjAzYSJ9\">\n\t\t\t\t\t<div class=\"e-gallery-image elementor-gallery-item__image\" data-thumbnail=\"https:\/\/trueself-teneriffa.de\/wp-content\/uploads\/2023\/05\/trueself-teneriffa-freiluftkueche-2048x1033.jpg\" data-width=\"2048\" data-height=\"1033\" aria-label=\"\" role=\"img\" ><\/div>\n\t\t\t\t\t\t\t\t\t\t\t<div class=\"elementor-gallery-item__overlay\"><\/div>\n\t\t\t\t\t\t\t\t\t\t\t\t\t\t<\/a>\n\t\t\t\t\t\t\t<a class=\"e-gallery-item elementor-gallery-item elementor-animated-content\" href=\"https:\/\/trueself-teneriffa.de\/wp-content\/uploads\/2023\/05\/trueself-teneriffa-freiluftmanufaktur-scaled.jpg\" data-elementor-open-lightbox=\"yes\" data-elementor-lightbox-slideshow=\"e61f03a\" data-e-action-hash=\"#elementor-action%3Aaction%3Dlightbox%26settings%3DeyJpZCI6MTAyMCwidXJsIjoiaHR0cHM6XC9cL3RydWVzZWxmLXRlbmVyaWZmYS5kZVwvd3AtY29udGVudFwvdXBsb2Fkc1wvMjAyM1wvMDVcL3RydWVzZWxmLXRlbmVyaWZmYS1mcmVpbHVmdG1hbnVmYWt0dXItc2NhbGVkLmpwZyIsInNsaWRlc2hvdyI6ImU2MWYwM2EifQ%3D%3D\">\n\t\t\t\t\t<div class=\"e-gallery-image elementor-gallery-item__image\" data-thumbnail=\"https:\/\/trueself-teneriffa.de\/wp-content\/uploads\/2023\/05\/trueself-teneriffa-freiluftmanufaktur-2048x748.jpg\" data-width=\"2048\" data-height=\"748\" aria-label=\"\" role=\"img\" ><\/div>\n\t\t\t\t\t\t\t\t\t\t\t<div class=\"elementor-gallery-item__overlay\"><\/div>\n\t\t\t\t\t\t\t\t\t\t\t\t\t\t<\/a>\n\t\t\t\t\t<\/div>\n\t\t\t\t\t<\/div>\n\t\t\t\t<\/div>\n\t\t\t\t<\/div>\n\t\t<div class=\"elementor-element elementor-element-8bc7565 e-flex e-con-boxed e-con e-parent\" data-id=\"8bc7565\" data-element_type=\"container\">\n\t\t\t\t\t<div class=\"e-con-inner\">\n\t\t\t\t<div class=\"elementor-element elementor-element-9be499d elementor-widget elementor-widget-template\" data-id=\"9be499d\" data-element_type=\"widget\" data-widget_type=\"template.default\">\n\t\t\t\t<div class=\"elementor-widget-container\">\n\t\t\t\t\t\t\t<div class=\"elementor-template\">\n\t\t\t\t\t<div data-elementor-type=\"container\" data-elementor-id=\"958\" class=\"elementor elementor-958\" data-elementor-post-type=\"elementor_library\">\n\t\t\t\t<div class=\"elementor-element elementor-element-7cd26a62 e-flex e-con-boxed e-con e-parent\" data-id=\"7cd26a62\" data-element_type=\"container\">\n\t\t\t\t\t<div class=\"e-con-inner\">\n\t\t\t\t<div class=\"elementor-element elementor-element-62058a5b elementor-widget elementor-widget-heading\" data-id=\"62058a5b\" data-element_type=\"widget\" data-widget_type=\"heading.default\">\n\t\t\t\t<div class=\"elementor-widget-container\">\n\t\t\t\t\t<h2 class=\"elementor-heading-title elementor-size-default\">Do you have questions?<\/h2>\t\t\t\t<\/div>\n\t\t\t\t<\/div>\n\t\t\t\t<div class=\"elementor-element elementor-element-4a0bf812 elementor-widget elementor-widget-text-editor\" data-id=\"4a0bf812\" data-element_type=\"widget\" data-widget_type=\"text-editor.default\">\n\t\t\t\t<div class=\"elementor-widget-container\">\n\t\t\t\t\t\t\t\t\t<p>Do not waste time - write to us! We are ready to support you and help you with any questions.<\/p>\t\t\t\t\t\t\t\t<\/div>\n\t\t\t\t<\/div>\n\t\t\t\t<div class=\"elementor-element elementor-element-3d5e9199 elementor-button-align-stretch elementor-widget elementor-widget-form\" data-id=\"3d5e9199\" data-element_type=\"widget\" data-settings=\"{&quot;step_next_label&quot;:&quot;Next&quot;,&quot;step_previous_label&quot;:&quot;Previous&quot;,&quot;button_width&quot;:&quot;100&quot;,&quot;step_type&quot;:&quot;number_text&quot;,&quot;step_icon_shape&quot;:&quot;circle&quot;}\" data-widget_type=\"form.default\">\n\t\t\t\t<div class=\"elementor-widget-container\">\n\t\t\t\t\t\t\t<form class=\"elementor-form\" method=\"post\" name=\"New Form\" aria-label=\"New Form\" action=\"\">\n\t\t\t<input type=\"hidden\" name=\"post_id\" value=\"958\"\/>\n\t\t\t<input type=\"hidden\" name=\"form_id\" value=\"3d5e9199\"\/>\n\t\t\t<input type=\"hidden\" name=\"referer_title\" value=\"Yacht\" \/>\n\n\t\t\t\t\t\t\t<input type=\"hidden\" name=\"queried_id\" value=\"1262\"\/>\n\t\t\t\n\t\t\t<div class=\"elementor-form-fields-wrapper elementor-labels-\">\n\t\t\t\t\t\t\t\t<div class=\"elementor-field-type-text elementor-field-group elementor-column elementor-field-group-name elementor-col-100 elementor-field-required\">\n\t\t\t\t\t\t\t\t\t\t\t\t<label for=\"form-field-name\" class=\"elementor-field-label elementor-screen-only\">\n\t\t\t\t\t\t\t\tName\t\t\t\t\t\t\t<\/label>\n\t\t\t\t\t\t\t\t\t\t\t\t\t\t<input size=\"1\" type=\"text\" name=\"form_fields[name]\" id=\"form-field-name\" class=\"elementor-field elementor-size-sm  elementor-field-textual\" placeholder=\"Name\" required=\"required\">\n\t\t\t\t\t\t\t\t\t\t\t<\/div>\n\t\t\t\t\t\t\t\t<div class=\"elementor-field-type-email elementor-field-group elementor-column elementor-field-group-email elementor-col-100 elementor-field-required\">\n\t\t\t\t\t\t\t\t\t\t\t\t<label for=\"form-field-email\" class=\"elementor-field-label elementor-screen-only\">\n\t\t\t\t\t\t\t\tEmail\t\t\t\t\t\t\t<\/label>\n\t\t\t\t\t\t\t\t\t\t\t\t\t\t<input size=\"1\" type=\"email\" name=\"form_fields[email]\" id=\"form-field-email\" class=\"elementor-field elementor-size-sm  elementor-field-textual\" placeholder=\"Email\" required=\"required\">\n\t\t\t\t\t\t\t\t\t\t\t<\/div>\n\t\t\t\t\t\t\t\t<div class=\"elementor-field-type-textarea elementor-field-group elementor-column elementor-field-group-nachricht elementor-col-100 elementor-field-required\">\n\t\t\t\t\t\t\t\t\t\t\t\t<label for=\"form-field-nachricht\" class=\"elementor-field-label elementor-screen-only\">\n\t\t\t\t\t\t\t\tMessage\t\t\t\t\t\t\t<\/label>\n\t\t\t\t\t\t<textarea class=\"elementor-field-textual elementor-field  elementor-size-sm\" name=\"form_fields[nachricht]\" id=\"form-field-nachricht\" rows=\"4\" placeholder=\"Message\" required=\"required\"><\/textarea>\t\t\t\t<\/div>\n\t\t\t\t\t\t\t\t<div class=\"elementor-field-group elementor-column elementor-field-type-submit elementor-col-100 e-form__buttons\">\n\t\t\t\t\t<button class=\"elementor-button elementor-size-sm\" type=\"submit\">\n\t\t\t\t\t\t<span class=\"elementor-button-content-wrapper\">\n\t\t\t\t\t\t\t\t\t\t\t\t\t\t\t\t\t\t\t\t\t\t<span class=\"elementor-button-text\">Send<\/span>\n\t\t\t\t\t\t\t\t\t\t\t\t\t<\/span>\n\t\t\t\t\t<\/button>\n\t\t\t\t<\/div>\n\t\t\t<\/div>\n\t\t<input type=\"hidden\" name=\"trp-form-language\" value=\"en\"\/><\/form>\n\t\t\t\t\t\t<\/div>\n\t\t\t\t<\/div>\n\t\t\t\t\t<\/div>\n\t\t\t\t<\/div>\n\t\t\t\t<\/div>\n\t\t\t\t<\/div>\n\t\t\t\t\t\t<\/div>\n\t\t\t\t<\/div>\n\t\t\t\t\t<\/div>\n\t\t\t\t<\/div>\n\t\t\t\t<\/div>","protected":false},"excerpt":{"rendered":"<p>Outdoor-CoockingExclusiv &#8211; leidenschaftlich &#8211; au\u00dfergew\u00f6hnlich &#8211; perfekt Freiluft K\u00fcche Eine Freiluftk\u00fcche besticht durch klare Formensprache ohne Kompromisse in der Ausstattung und Verarbeitung. Der gesamte Korpus ist von Hand verschraubt und dennoch sieht man keine einzige Schraube. Das stimmige Gesamtbild aus pulverbeschichteten Pr\u00e4zisionsplatten aus Seealuminium wird durch eine Abdeckplatte aus geflammtem Nero Assoluto abgerundet. Die Einlegeb\u00f6den [&hellip;]<\/p>","protected":false},"author":1,"featured_media":1010,"parent":0,"menu_order":0,"comment_status":"closed","ping_status":"closed","template":"","meta":{"footnotes":""},"class_list":["post-912","page","type-page","status-publish","has-post-thumbnail","hentry"],"_links":{"self":[{"href":"https:\/\/trueself-teneriffa.de\/en\/wp-json\/wp\/v2\/pages\/912","targetHints":{"allow":["GET"]}}],"collection":[{"href":"https:\/\/trueself-teneriffa.de\/en\/wp-json\/wp\/v2\/pages"}],"about":[{"href":"https:\/\/trueself-teneriffa.de\/en\/wp-json\/wp\/v2\/types\/page"}],"author":[{"embeddable":true,"href":"https:\/\/trueself-teneriffa.de\/en\/wp-json\/wp\/v2\/users\/1"}],"replies":[{"embeddable":true,"href":"https:\/\/trueself-teneriffa.de\/en\/wp-json\/wp\/v2\/comments?post=912"}],"version-history":[{"count":48,"href":"https:\/\/trueself-teneriffa.de\/en\/wp-json\/wp\/v2\/pages\/912\/revisions"}],"predecessor-version":[{"id":10963,"href":"https:\/\/trueself-teneriffa.de\/en\/wp-json\/wp\/v2\/pages\/912\/revisions\/10963"}],"wp:featuredmedia":[{"embeddable":true,"href":"https:\/\/trueself-teneriffa.de\/en\/wp-json\/wp\/v2\/media\/1010"}],"wp:attachment":[{"href":"https:\/\/trueself-teneriffa.de\/en\/wp-json\/wp\/v2\/media?parent=912"}],"curies":[{"name":"wp","href":"https:\/\/api.w.org\/{rel}","templated":true}]}}