{"id":906,"date":"2023-05-12T18:00:40","date_gmt":"2023-05-12T16:00:40","guid":{"rendered":"https:\/\/trueself-teneriffa.de\/?page_id=906"},"modified":"2026-01-05T18:03:59","modified_gmt":"2026-01-05T17:03:59","slug":"look-and-feel","status":"publish","type":"page","link":"https:\/\/trueself-teneriffa.de\/en\/look-and-feel\/","title":{"rendered":"Look &#038; Feel"},"content":{"rendered":"<div data-elementor-type=\"wp-page\" data-elementor-id=\"906\" class=\"elementor elementor-906\" data-elementor-post-type=\"page\">\n\t\t\t\t<div class=\"elementor-element elementor-element-56cf60d e-con-full e-flex e-con e-parent\" data-id=\"56cf60d\" data-element_type=\"container\">\n\t\t\t\t<div class=\"elementor-element elementor-element-09f4aa7 elementor-widget__width-inherit elementor--h-position-center elementor--v-position-middle elementor-arrows-position-inside elementor-pagination-position-inside elementor-widget elementor-widget-slides\" data-id=\"09f4aa7\" data-element_type=\"widget\" data-settings=\"{&quot;autoplay_speed&quot;:6000,&quot;transition_speed&quot;:800,&quot;navigation&quot;:&quot;both&quot;,&quot;autoplay&quot;:&quot;yes&quot;,&quot;pause_on_hover&quot;:&quot;yes&quot;,&quot;pause_on_interaction&quot;:&quot;yes&quot;,&quot;infinite&quot;:&quot;yes&quot;,&quot;transition&quot;:&quot;slide&quot;}\" data-widget_type=\"slides.default\">\n\t\t\t\t<div class=\"elementor-widget-container\">\n\t\t\t\t\t\t\t\t\t<div class=\"elementor-swiper\">\n\t\t\t\t\t<div class=\"elementor-slides-wrapper elementor-main-swiper swiper\" role=\"region\" aria-roledescription=\"carousel\" aria-label=\"Slides\" dir=\"ltr\" data-animation=\"fadeInUp\">\n\t\t\t\t<div class=\"swiper-wrapper elementor-slides\">\n\t\t\t\t\t\t\t\t\t\t<div class=\"elementor-repeater-item-a716acd swiper-slide\" role=\"group\" aria-roledescription=\"slide\"><div class=\"swiper-slide-bg elementor-ken-burns elementor-ken-burns--in\" role=\"img\" aria-label=\"IMG_8077\"><\/div><div class=\"elementor-background-overlay\"><\/div><div class=\"swiper-slide-inner\" ><div class=\"swiper-slide-contents\"><div class=\"elementor-slide-description\">Die wichtigsten Kontakte und sch\u00f6nsten Empfehlungen<\/div><\/div><\/div><\/div>\t\t\t\t<\/div>\n\t\t\t\t\t\t\t<\/div>\n\t\t\t\t<\/div>\n\t\t\t\t\t\t\t\t<\/div>\n\t\t\t\t<\/div>\n\t\t\t\t<\/div>\n\t\t<div class=\"elementor-element elementor-element-95240af e-flex e-con-boxed e-con e-parent\" data-id=\"95240af\" data-element_type=\"container\">\n\t\t\t\t\t<div class=\"e-con-inner\">\n\t\t<div class=\"elementor-element elementor-element-0e5366b e-con-full e-flex e-con e-child\" data-id=\"0e5366b\" data-element_type=\"container\">\n\t\t\t\t<div class=\"elementor-element elementor-element-9a72440 elementor-widget elementor-widget-heading\" data-id=\"9a72440\" data-element_type=\"widget\" data-widget_type=\"heading.default\">\n\t\t\t\t<div class=\"elementor-widget-container\">\n\t\t\t\t\t<h1 class=\"elementor-heading-title elementor-size-default\">LOOK &amp; FEEL<\/h1>\t\t\t\t<\/div>\n\t\t\t\t<\/div>\n\t\t\t\t<div class=\"elementor-element elementor-element-93781e0 elementor-widget elementor-widget-text-editor\" data-id=\"93781e0\" data-element_type=\"widget\" data-widget_type=\"text-editor.default\">\n\t\t\t\t<div class=\"elementor-widget-container\">\n\t\t\t\t\t\t\t\t\t<p>Du bist Dir noch nicht sicher, ob Dir Teneriffa gefallen wird? <br \/>Du k\u00f6nntest Dir vielleicht vorstellen, hierher auszuwandern?<br \/>Kein Problem! Wir bieten Dir und Deiner Familie die M\u00f6glichkeit,<br \/>die Insel zu erkunden und zu sp\u00fcren, ob es sich f\u00fcr Euch hier gut anf\u00fchlt. Dabei stehen wir Euch mit Rat und Tat sehr gerne zur Seite.<br \/>Flughafen-Transfer, eine f\u00fcr Euch passende Unterkunft in ruhiger Lage, sowie ein Auto steht f\u00fcr Euch zur Verf\u00fcgung.<\/p><p>Wir k\u00f6nnen Dir helfen, Deine Entscheidungen einfacher zu treffen.\u00a0<\/p>\t\t\t\t\t\t\t\t<\/div>\n\t\t\t\t<\/div>\n\t\t\t\t<div class=\"elementor-element elementor-element-aae2254 elementor-mobile-align-justify elementor-widget elementor-widget-button\" data-id=\"aae2254\" data-element_type=\"widget\" data-widget_type=\"button.default\">\n\t\t\t\t<div class=\"elementor-widget-container\">\n\t\t\t\t\t\t\t\t\t<div class=\"elementor-button-wrapper\">\n\t\t\t\t\t<a class=\"elementor-button elementor-button-link elementor-size-sm\" href=\"https:\/\/trueself-teneriffa.de\/en\/kontakt\/\">\n\t\t\t\t\t\t<span class=\"elementor-button-content-wrapper\">\n\t\t\t\t\t\t\t\t\t<span class=\"elementor-button-text\">Jetzt Anfragen<\/span>\n\t\t\t\t\t<\/span>\n\t\t\t\t\t<\/a>\n\t\t\t\t<\/div>\n\t\t\t\t\t\t\t\t<\/div>\n\t\t\t\t<\/div>\n\t\t\t\t<\/div>\n\t\t<div class=\"elementor-element elementor-element-d05d05d e-con-full e-flex e-con e-child\" data-id=\"d05d05d\" data-element_type=\"container\">\n\t\t\t\t<div class=\"elementor-element elementor-element-eb6a9b2 elementor-widget elementor-widget-image\" data-id=\"eb6a9b2\" data-element_type=\"widget\" data-widget_type=\"image.default\">\n\t\t\t\t<div class=\"elementor-widget-container\">\n\t\t\t\t\t\t\t\t\t\t\t\t\t\t\t<img fetchpriority=\"high\" decoding=\"async\" width=\"800\" height=\"600\" src=\"https:\/\/trueself-teneriffa.de\/wp-content\/uploads\/2022\/05\/IMG_6277-1024x768.jpeg\" class=\"attachment-large size-large wp-image-660\" alt=\"\" srcset=\"https:\/\/trueself-teneriffa.de\/wp-content\/uploads\/2022\/05\/IMG_6277-1024x768.jpeg 1024w, https:\/\/trueself-teneriffa.de\/wp-content\/uploads\/2022\/05\/IMG_6277-300x225.jpeg 300w, https:\/\/trueself-teneriffa.de\/wp-content\/uploads\/2022\/05\/IMG_6277-768x576.jpeg 768w, https:\/\/trueself-teneriffa.de\/wp-content\/uploads\/2022\/05\/IMG_6277-1536x1152.jpeg 1536w, https:\/\/trueself-teneriffa.de\/wp-content\/uploads\/2022\/05\/IMG_6277.jpeg 2048w\" sizes=\"(max-width: 800px) 100vw, 800px\" \/>\t\t\t\t\t\t\t\t\t\t\t\t\t\t\t<\/div>\n\t\t\t\t<\/div>\n\t\t\t\t<\/div>\n\t\t\t\t\t<\/div>\n\t\t\t\t<\/div>\n\t\t<div class=\"elementor-element elementor-element-74c74fb e-flex e-con-boxed e-con e-parent\" data-id=\"74c74fb\" data-element_type=\"container\">\n\t\t\t\t\t<div class=\"e-con-inner\">\n\t\t<div class=\"elementor-element elementor-element-fb20581 e-con-full e-flex e-con e-child\" data-id=\"fb20581\" data-element_type=\"container\">\n\t\t\t\t<div class=\"elementor-element elementor-element-8f079c0 elementor-widget elementor-widget-heading\" data-id=\"8f079c0\" data-element_type=\"widget\" data-widget_type=\"heading.default\">\n\t\t\t\t<div class=\"elementor-widget-container\">\n\t\t\t\t\t<h1 class=\"elementor-heading-title elementor-size-default\">FOLGE DEINEM GEF\u00dcHL<\/h1>\t\t\t\t<\/div>\n\t\t\t\t<\/div>\n\t\t\t\t<div class=\"elementor-element elementor-element-f125750 elementor-widget elementor-widget-text-editor\" data-id=\"f125750\" data-element_type=\"widget\" data-widget_type=\"text-editor.default\">\n\t\t\t\t<div class=\"elementor-widget-container\">\n\t\t\t\t\t\t\t\t\t<p>2023 sind wir, Nicole (47) und Franjo (50), mit unseren Kindern Jenna (16) und Leonard (11) auf diese wundersch\u00f6ne Insel ausgewandert und haben alle Formalit\u00e4ten durchlaufen. Mittlerweile kennen wir die Insel sehr gut und es haben sich viele Kontakte und Freundschaften gebildet.<br><br><\/p>\n<p>Ob Kauf einer Immobilie oder vor\u00fcbergehend mieten. <br>Auto importieren oder lieber auf der Insel kaufen?<br>Schulpflichtige Kinder?<br>Job online oder lieber einen Job vor Ort?<br><br><\/p>\n<p>Wir glauben, dass Du die Insel und das Umfeld f\u00fchlen musst, wenn Du eine Entscheidung zum Auswandern oder zum Leben auf Teneriffa treffen m\u00f6chtest.<br><br><\/p>\n<p>Wir stehen Dir gerne hierf\u00fcr zur Seite.<\/p>\t\t\t\t\t\t\t\t<\/div>\n\t\t\t\t<\/div>\n\t\t\t\t<div class=\"elementor-element elementor-element-0394ca4 elementor-mobile-align-justify elementor-widget elementor-widget-button\" data-id=\"0394ca4\" data-element_type=\"widget\" data-widget_type=\"button.default\">\n\t\t\t\t<div class=\"elementor-widget-container\">\n\t\t\t\t\t\t\t\t\t<div class=\"elementor-button-wrapper\">\n\t\t\t\t\t<a class=\"elementor-button elementor-button-link elementor-size-sm\" href=\"https:\/\/trueself-teneriffa.de\/en\/kontakt\/\">\n\t\t\t\t\t\t<span class=\"elementor-button-content-wrapper\">\n\t\t\t\t\t\t\t\t\t<span class=\"elementor-button-text\">Jetzt Anfragen<\/span>\n\t\t\t\t\t<\/span>\n\t\t\t\t\t<\/a>\n\t\t\t\t<\/div>\n\t\t\t\t\t\t\t\t<\/div>\n\t\t\t\t<\/div>\n\t\t\t\t<\/div>\n\t\t<div class=\"elementor-element elementor-element-404bb67 e-con-full e-flex e-con e-child\" data-id=\"404bb67\" data-element_type=\"container\">\n\t\t\t\t<div class=\"elementor-element elementor-element-b7c0b20 elementor-widget elementor-widget-image\" data-id=\"b7c0b20\" data-element_type=\"widget\" data-widget_type=\"image.default\">\n\t\t\t\t<div class=\"elementor-widget-container\">\n\t\t\t\t\t\t\t\t\t\t\t\t\t\t\t<img decoding=\"async\" width=\"800\" height=\"460\" src=\"https:\/\/trueself-teneriffa.de\/wp-content\/uploads\/2022\/05\/IMG_8491-1024x589.jpeg\" class=\"attachment-large size-large wp-image-655\" alt=\"\" srcset=\"https:\/\/trueself-teneriffa.de\/wp-content\/uploads\/2022\/05\/IMG_8491-1024x589.jpeg 1024w, https:\/\/trueself-teneriffa.de\/wp-content\/uploads\/2022\/05\/IMG_8491-300x173.jpeg 300w, https:\/\/trueself-teneriffa.de\/wp-content\/uploads\/2022\/05\/IMG_8491-768x442.jpeg 768w, https:\/\/trueself-teneriffa.de\/wp-content\/uploads\/2022\/05\/IMG_8491-1536x884.jpeg 1536w, https:\/\/trueself-teneriffa.de\/wp-content\/uploads\/2022\/05\/IMG_8491-2048x1179.jpeg 2048w\" sizes=\"(max-width: 800px) 100vw, 800px\" \/>\t\t\t\t\t\t\t\t\t\t\t\t\t\t\t<\/div>\n\t\t\t\t<\/div>\n\t\t\t\t<\/div>\n\t\t\t\t\t<\/div>\n\t\t\t\t<\/div>\n\t\t<div class=\"elementor-element elementor-element-3819259 e-flex e-con-boxed e-con e-parent\" data-id=\"3819259\" data-element_type=\"container\">\n\t\t\t\t\t<div class=\"e-con-inner\">\n\t\t<div class=\"elementor-element elementor-element-f3be230 e-con-full e-flex e-con e-child\" data-id=\"f3be230\" data-element_type=\"container\">\n\t\t\t\t<div class=\"elementor-element elementor-element-1ea37dd elementor-hidden-mobile elementor-headline--style-highlight elementor-widget elementor-widget-animated-headline\" data-id=\"1ea37dd\" data-element_type=\"widget\" data-settings=\"{&quot;marker&quot;:&quot;underline&quot;,&quot;highlighted_text&quot;:&quot;Schreibe uns gerne!&quot;,&quot;headline_style&quot;:&quot;highlight&quot;,&quot;highlight_animation_duration&quot;:1200}\" data-widget_type=\"animated-headline.default\">\n\t\t\t\t<div class=\"elementor-widget-container\">\n\t\t\t\t\t\t\t<p class=\"elementor-headline\">\n\t\t\t\t<span class=\"elementor-headline-dynamic-wrapper elementor-headline-text-wrapper\">\n\t\t\t\t\t<span class=\"elementor-headline-dynamic-text elementor-headline-text-active\">Schreibe uns gerne!<\/span>\n\t\t\t\t<\/span>\n\t\t\t\t<\/p>\n\t\t\t\t\t\t<\/div>\n\t\t\t\t<\/div>\n\t\t\t\t<div class=\"elementor-element elementor-element-9cbd74e elementor-hidden-desktop elementor-hidden-tablet elementor-headline--style-highlight elementor-widget elementor-widget-animated-headline\" data-id=\"9cbd74e\" data-element_type=\"widget\" data-settings=\"{&quot;marker&quot;:&quot;underline&quot;,&quot;highlighted_text&quot;:&quot;Angebot auf Anfrage&quot;,&quot;headline_style&quot;:&quot;highlight&quot;,&quot;highlight_animation_duration&quot;:1200}\" data-widget_type=\"animated-headline.default\">\n\t\t\t\t<div class=\"elementor-widget-container\">\n\t\t\t\t\t\t\t<p class=\"elementor-headline\">\n\t\t\t\t<span class=\"elementor-headline-dynamic-wrapper elementor-headline-text-wrapper\">\n\t\t\t\t\t<span class=\"elementor-headline-dynamic-text elementor-headline-text-active\">Angebot auf Anfrage<\/span>\n\t\t\t\t<\/span>\n\t\t\t\t<\/p>\n\t\t\t\t\t\t<\/div>\n\t\t\t\t<\/div>\n\t\t\t\t<\/div>\n\t\t\t\t<div class=\"elementor-element elementor-element-cedc88d elementor-widget elementor-widget-template\" data-id=\"cedc88d\" data-element_type=\"widget\" data-widget_type=\"template.default\">\n\t\t\t\t<div class=\"elementor-widget-container\">\n\t\t\t\t\t\t\t<div class=\"elementor-template\">\n\t\t\t\t\t<div data-elementor-type=\"container\" data-elementor-id=\"958\" class=\"elementor elementor-958\" data-elementor-post-type=\"elementor_library\">\n\t\t\t\t<div class=\"elementor-element elementor-element-7cd26a62 e-flex e-con-boxed e-con e-parent\" data-id=\"7cd26a62\" data-element_type=\"container\">\n\t\t\t\t\t<div class=\"e-con-inner\">\n\t\t\t\t<div class=\"elementor-element elementor-element-62058a5b elementor-widget elementor-widget-heading\" data-id=\"62058a5b\" data-element_type=\"widget\" data-widget_type=\"heading.default\">\n\t\t\t\t<div class=\"elementor-widget-container\">\n\t\t\t\t\t<h2 class=\"elementor-heading-title elementor-size-default\">Do you have questions?<\/h2>\t\t\t\t<\/div>\n\t\t\t\t<\/div>\n\t\t\t\t<div class=\"elementor-element elementor-element-4a0bf812 elementor-widget elementor-widget-text-editor\" data-id=\"4a0bf812\" data-element_type=\"widget\" data-widget_type=\"text-editor.default\">\n\t\t\t\t<div class=\"elementor-widget-container\">\n\t\t\t\t\t\t\t\t\t<p>Do not waste time - write to us! We are ready to support you and help you with any questions.<\/p>\t\t\t\t\t\t\t\t<\/div>\n\t\t\t\t<\/div>\n\t\t\t\t<div class=\"elementor-element elementor-element-3d5e9199 elementor-button-align-stretch elementor-widget elementor-widget-form\" data-id=\"3d5e9199\" data-element_type=\"widget\" data-settings=\"{&quot;step_next_label&quot;:&quot;Next&quot;,&quot;step_previous_label&quot;:&quot;Previous&quot;,&quot;button_width&quot;:&quot;100&quot;,&quot;step_type&quot;:&quot;number_text&quot;,&quot;step_icon_shape&quot;:&quot;circle&quot;}\" data-widget_type=\"form.default\">\n\t\t\t\t<div class=\"elementor-widget-container\">\n\t\t\t\t\t\t\t<form class=\"elementor-form\" method=\"post\" name=\"New Form\" aria-label=\"New Form\" action=\"\">\n\t\t\t<input type=\"hidden\" name=\"post_id\" value=\"958\"\/>\n\t\t\t<input type=\"hidden\" name=\"form_id\" value=\"3d5e9199\"\/>\n\t\t\t<input type=\"hidden\" name=\"referer_title\" value=\"Yacht\" \/>\n\n\t\t\t\t\t\t\t<input type=\"hidden\" name=\"queried_id\" value=\"1262\"\/>\n\t\t\t\n\t\t\t<div class=\"elementor-form-fields-wrapper elementor-labels-\">\n\t\t\t\t\t\t\t\t<div class=\"elementor-field-type-text elementor-field-group elementor-column elementor-field-group-name elementor-col-100 elementor-field-required\">\n\t\t\t\t\t\t\t\t\t\t\t\t<label for=\"form-field-name\" class=\"elementor-field-label elementor-screen-only\">\n\t\t\t\t\t\t\t\tName\t\t\t\t\t\t\t<\/label>\n\t\t\t\t\t\t\t\t\t\t\t\t\t\t<input size=\"1\" type=\"text\" name=\"form_fields[name]\" id=\"form-field-name\" class=\"elementor-field elementor-size-sm  elementor-field-textual\" placeholder=\"Name\" required=\"required\">\n\t\t\t\t\t\t\t\t\t\t\t<\/div>\n\t\t\t\t\t\t\t\t<div class=\"elementor-field-type-email elementor-field-group elementor-column elementor-field-group-email elementor-col-100 elementor-field-required\">\n\t\t\t\t\t\t\t\t\t\t\t\t<label for=\"form-field-email\" class=\"elementor-field-label elementor-screen-only\">\n\t\t\t\t\t\t\t\tEmail\t\t\t\t\t\t\t<\/label>\n\t\t\t\t\t\t\t\t\t\t\t\t\t\t<input size=\"1\" type=\"email\" name=\"form_fields[email]\" id=\"form-field-email\" class=\"elementor-field elementor-size-sm  elementor-field-textual\" placeholder=\"Email\" required=\"required\">\n\t\t\t\t\t\t\t\t\t\t\t<\/div>\n\t\t\t\t\t\t\t\t<div class=\"elementor-field-type-textarea elementor-field-group elementor-column elementor-field-group-nachricht elementor-col-100 elementor-field-required\">\n\t\t\t\t\t\t\t\t\t\t\t\t<label for=\"form-field-nachricht\" class=\"elementor-field-label elementor-screen-only\">\n\t\t\t\t\t\t\t\tMessage\t\t\t\t\t\t\t<\/label>\n\t\t\t\t\t\t<textarea class=\"elementor-field-textual elementor-field  elementor-size-sm\" name=\"form_fields[nachricht]\" id=\"form-field-nachricht\" rows=\"4\" placeholder=\"Message\" required=\"required\"><\/textarea>\t\t\t\t<\/div>\n\t\t\t\t\t\t\t\t<div class=\"elementor-field-group elementor-column elementor-field-type-submit elementor-col-100 e-form__buttons\">\n\t\t\t\t\t<button class=\"elementor-button elementor-size-sm\" type=\"submit\">\n\t\t\t\t\t\t<span class=\"elementor-button-content-wrapper\">\n\t\t\t\t\t\t\t\t\t\t\t\t\t\t\t\t\t\t\t\t\t\t<span class=\"elementor-button-text\">Send<\/span>\n\t\t\t\t\t\t\t\t\t\t\t\t\t<\/span>\n\t\t\t\t\t<\/button>\n\t\t\t\t<\/div>\n\t\t\t<\/div>\n\t\t<input type=\"hidden\" name=\"trp-form-language\" value=\"en\"\/><\/form>\n\t\t\t\t\t\t<\/div>\n\t\t\t\t<\/div>\n\t\t\t\t\t<\/div>\n\t\t\t\t<\/div>\n\t\t\t\t<\/div>\n\t\t\t\t<\/div>\n\t\t\t\t\t\t<\/div>\n\t\t\t\t<\/div>\n\t\t\t\t\t<\/div>\n\t\t\t\t<\/div>\n\t\t<div class=\"elementor-element elementor-element-69a63e6 e-con-full e-flex e-con e-parent\" data-id=\"69a63e6\" data-element_type=\"container\">\n\t\t\t\t<div class=\"elementor-element elementor-element-5e9c0c1 elementor-widget elementor-widget-gallery\" data-id=\"5e9c0c1\" data-element_type=\"widget\" data-settings=\"{&quot;lazyload&quot;:&quot;yes&quot;,&quot;gallery_layout&quot;:&quot;grid&quot;,&quot;columns&quot;:4,&quot;columns_tablet&quot;:2,&quot;columns_mobile&quot;:1,&quot;gap&quot;:{&quot;unit&quot;:&quot;px&quot;,&quot;size&quot;:10,&quot;sizes&quot;:[]},&quot;gap_tablet&quot;:{&quot;unit&quot;:&quot;px&quot;,&quot;size&quot;:10,&quot;sizes&quot;:[]},&quot;gap_mobile&quot;:{&quot;unit&quot;:&quot;px&quot;,&quot;size&quot;:10,&quot;sizes&quot;:[]},&quot;link_to&quot;:&quot;file&quot;,&quot;aspect_ratio&quot;:&quot;3:2&quot;,&quot;overlay_background&quot;:&quot;yes&quot;,&quot;content_hover_animation&quot;:&quot;fade-in&quot;}\" data-widget_type=\"gallery.default\">\n\t\t\t\t<div class=\"elementor-widget-container\">\n\t\t\t\t\t\t\t<div class=\"elementor-gallery__container\">\n\t\t\t\t\t\t\t<a class=\"e-gallery-item elementor-gallery-item elementor-animated-content\" href=\"https:\/\/trueself-teneriffa.de\/wp-content\/uploads\/2022\/05\/IMG_8487.jpeg\" data-elementor-open-lightbox=\"yes\" data-elementor-lightbox-slideshow=\"5e9c0c1\" data-e-action-hash=\"#elementor-action%3Aaction%3Dlightbox%26settings%3DeyJpZCI6NjUzLCJ1cmwiOiJodHRwczpcL1wvdHJ1ZXNlbGYtdGVuZXJpZmZhLmRlXC93cC1jb250ZW50XC91cGxvYWRzXC8yMDIyXC8wNVwvSU1HXzg0ODcuanBlZyIsInNsaWRlc2hvdyI6IjVlOWMwYzEifQ%3D%3D\">\n\t\t\t\t\t<div class=\"e-gallery-image elementor-gallery-item__image\" data-thumbnail=\"https:\/\/trueself-teneriffa.de\/wp-content\/uploads\/2022\/05\/IMG_8487-1024x768.jpeg\" data-width=\"800\" data-height=\"600\" aria-label=\"\" role=\"img\" ><\/div>\n\t\t\t\t\t\t\t\t\t\t\t<div class=\"elementor-gallery-item__overlay\"><\/div>\n\t\t\t\t\t\t\t\t\t\t\t\t\t\t<\/a>\n\t\t\t\t\t\t\t<a class=\"e-gallery-item elementor-gallery-item elementor-animated-content\" href=\"https:\/\/trueself-teneriffa.de\/wp-content\/uploads\/2022\/05\/IMG_6694.jpeg\" data-elementor-open-lightbox=\"yes\" data-elementor-lightbox-slideshow=\"5e9c0c1\" data-e-action-hash=\"#elementor-action%3Aaction%3Dlightbox%26settings%3DeyJpZCI6NjU5LCJ1cmwiOiJodHRwczpcL1wvdHJ1ZXNlbGYtdGVuZXJpZmZhLmRlXC93cC1jb250ZW50XC91cGxvYWRzXC8yMDIyXC8wNVwvSU1HXzY2OTQuanBlZyIsInNsaWRlc2hvdyI6IjVlOWMwYzEifQ%3D%3D\">\n\t\t\t\t\t<div class=\"e-gallery-image elementor-gallery-item__image\" data-thumbnail=\"https:\/\/trueself-teneriffa.de\/wp-content\/uploads\/2022\/05\/IMG_6694-1024x768.jpeg\" data-width=\"800\" data-height=\"600\" aria-label=\"\" role=\"img\" ><\/div>\n\t\t\t\t\t\t\t\t\t\t\t<div class=\"elementor-gallery-item__overlay\"><\/div>\n\t\t\t\t\t\t\t\t\t\t\t\t\t\t<\/a>\n\t\t\t\t\t\t\t<a class=\"e-gallery-item elementor-gallery-item elementor-animated-content\" href=\"https:\/\/trueself-teneriffa.de\/wp-content\/uploads\/2022\/05\/IMG_6683.jpeg\" data-elementor-open-lightbox=\"yes\" data-elementor-lightbox-slideshow=\"5e9c0c1\" data-e-action-hash=\"#elementor-action%3Aaction%3Dlightbox%26settings%3DeyJpZCI6NjU4LCJ1cmwiOiJodHRwczpcL1wvdHJ1ZXNlbGYtdGVuZXJpZmZhLmRlXC93cC1jb250ZW50XC91cGxvYWRzXC8yMDIyXC8wNVwvSU1HXzY2ODMuanBlZyIsInNsaWRlc2hvdyI6IjVlOWMwYzEifQ%3D%3D\">\n\t\t\t\t\t<div class=\"e-gallery-image elementor-gallery-item__image\" data-thumbnail=\"https:\/\/trueself-teneriffa.de\/wp-content\/uploads\/2022\/05\/IMG_6683-1024x768.jpeg\" data-width=\"800\" data-height=\"600\" aria-label=\"\" role=\"img\" ><\/div>\n\t\t\t\t\t\t\t\t\t\t\t<div class=\"elementor-gallery-item__overlay\"><\/div>\n\t\t\t\t\t\t\t\t\t\t\t\t\t\t<\/a>\n\t\t\t\t\t\t\t<a class=\"e-gallery-item elementor-gallery-item elementor-animated-content\" href=\"https:\/\/trueself-teneriffa.de\/wp-content\/uploads\/2022\/05\/IMG_6277.jpeg\" data-elementor-open-lightbox=\"yes\" data-elementor-lightbox-slideshow=\"5e9c0c1\" data-e-action-hash=\"#elementor-action%3Aaction%3Dlightbox%26settings%3DeyJpZCI6NjYwLCJ1cmwiOiJodHRwczpcL1wvdHJ1ZXNlbGYtdGVuZXJpZmZhLmRlXC93cC1jb250ZW50XC91cGxvYWRzXC8yMDIyXC8wNVwvSU1HXzYyNzcuanBlZyIsInNsaWRlc2hvdyI6IjVlOWMwYzEifQ%3D%3D\">\n\t\t\t\t\t<div class=\"e-gallery-image elementor-gallery-item__image\" data-thumbnail=\"https:\/\/trueself-teneriffa.de\/wp-content\/uploads\/2022\/05\/IMG_6277-1024x768.jpeg\" data-width=\"800\" data-height=\"600\" aria-label=\"\" role=\"img\" ><\/div>\n\t\t\t\t\t\t\t\t\t\t\t<div class=\"elementor-gallery-item__overlay\"><\/div>\n\t\t\t\t\t\t\t\t\t\t\t\t\t\t<\/a>\n\t\t\t\t\t<\/div>\n\t\t\t\t\t<\/div>\n\t\t\t\t<\/div>\n\t\t\t\t<\/div>\n\t\t\t\t<\/div>","protected":false},"excerpt":{"rendered":"<p>Die wichtigsten Kontakte und sch\u00f6nsten Empfehlungen LOOK &amp; FEEL Du bist Dir noch nicht sicher, ob Dir Teneriffa gefallen wird? Du k\u00f6nntest Dir vielleicht vorstellen, hierher auszuwandern?Kein Problem! Wir bieten Dir und Deiner Familie die M\u00f6glichkeit,die Insel zu erkunden und zu sp\u00fcren, ob es sich f\u00fcr Euch hier gut anf\u00fchlt. Dabei stehen wir Euch mit [&hellip;]<\/p>","protected":false},"author":1,"featured_media":920,"parent":0,"menu_order":0,"comment_status":"closed","ping_status":"closed","template":"","meta":{"footnotes":""},"class_list":["post-906","page","type-page","status-publish","has-post-thumbnail","hentry"],"_links":{"self":[{"href":"https:\/\/trueself-teneriffa.de\/en\/wp-json\/wp\/v2\/pages\/906","targetHints":{"allow":["GET"]}}],"collection":[{"href":"https:\/\/trueself-teneriffa.de\/en\/wp-json\/wp\/v2\/pages"}],"about":[{"href":"https:\/\/trueself-teneriffa.de\/en\/wp-json\/wp\/v2\/types\/page"}],"author":[{"embeddable":true,"href":"https:\/\/trueself-teneriffa.de\/en\/wp-json\/wp\/v2\/users\/1"}],"replies":[{"embeddable":true,"href":"https:\/\/trueself-teneriffa.de\/en\/wp-json\/wp\/v2\/comments?post=906"}],"version-history":[{"count":115,"href":"https:\/\/trueself-teneriffa.de\/en\/wp-json\/wp\/v2\/pages\/906\/revisions"}],"predecessor-version":[{"id":10951,"href":"https:\/\/trueself-teneriffa.de\/en\/wp-json\/wp\/v2\/pages\/906\/revisions\/10951"}],"wp:featuredmedia":[{"embeddable":true,"href":"https:\/\/trueself-teneriffa.de\/en\/wp-json\/wp\/v2\/media\/920"}],"wp:attachment":[{"href":"https:\/\/trueself-teneriffa.de\/en\/wp-json\/wp\/v2\/media?parent=906"}],"curies":[{"name":"wp","href":"https:\/\/api.w.org\/{rel}","templated":true}]}}