{"id":11,"date":"2022-04-28T20:32:34","date_gmt":"2022-04-28T18:32:34","guid":{"rendered":"http:\/\/franjo-cyran.de\/?page_id=11"},"modified":"2025-10-08T15:39:58","modified_gmt":"2025-10-08T13:39:58","slug":"trueself-teneriffa","status":"publish","type":"page","link":"https:\/\/trueself-teneriffa.de\/en\/","title":{"rendered":"TrueSelf &#8211; Teneriffa"},"content":{"rendered":"<div data-elementor-type=\"wp-page\" data-elementor-id=\"11\" class=\"elementor elementor-11\" data-elementor-post-type=\"page\">\n\t\t\t\t<div class=\"elementor-element elementor-element-751ee44 e-con-full e-flex e-con e-parent\" data-id=\"751ee44\" data-element_type=\"container\">\n\t\t\t\t<div class=\"elementor-element elementor-element-53ac45e elementor-widget__width-inherit elementor--h-position-center elementor--v-position-middle elementor-arrows-position-inside elementor-pagination-position-inside elementor-widget elementor-widget-slides\" data-id=\"53ac45e\" data-element_type=\"widget\" data-settings=\"{&quot;autoplay_speed&quot;:6000,&quot;transition_speed&quot;:800,&quot;navigation&quot;:&quot;both&quot;,&quot;autoplay&quot;:&quot;yes&quot;,&quot;pause_on_hover&quot;:&quot;yes&quot;,&quot;pause_on_interaction&quot;:&quot;yes&quot;,&quot;infinite&quot;:&quot;yes&quot;,&quot;transition&quot;:&quot;slide&quot;}\" data-widget_type=\"slides.default\">\n\t\t\t\t<div class=\"elementor-widget-container\">\n\t\t\t\t\t\t\t\t\t<div class=\"elementor-swiper\">\n\t\t\t\t\t<div class=\"elementor-slides-wrapper elementor-main-swiper swiper\" role=\"region\" aria-roledescription=\"carousel\" aria-label=\"Slides\" dir=\"ltr\" data-animation=\"fadeInUp\">\n\t\t\t\t<div class=\"swiper-wrapper elementor-slides\">\n\t\t\t\t\t\t\t\t\t\t<div class=\"elementor-repeater-item-a716acd swiper-slide\" role=\"group\" aria-roledescription=\"slide\"><div class=\"swiper-slide-bg elementor-ken-burns elementor-ken-burns--in\" role=\"img\" aria-label=\"IMG 0106\"><\/div><div class=\"elementor-background-overlay\"><\/div><div class=\"swiper-slide-inner\" ><div class=\"swiper-slide-contents\"><div class=\"elementor-slide-description\">Collect Moments Not Things <br>\nWo Freiheit, Freude und Inspiration dich finden<\/div><\/div><\/div><\/div>\t\t\t\t<\/div>\n\t\t\t\t\t\t\t<\/div>\n\t\t\t\t<\/div>\n\t\t\t\t\t\t\t\t<\/div>\n\t\t\t\t<\/div>\n\t\t\t\t<\/div>\n\t\t<div class=\"elementor-element elementor-element-b52dd53 e-flex e-con-boxed e-con e-parent\" data-id=\"b52dd53\" data-element_type=\"container\">\n\t\t\t\t\t<div class=\"e-con-inner\">\n\t\t\t\t<div class=\"elementor-element elementor-element-a7510ef elementor-widget elementor-widget-heading\" data-id=\"a7510ef\" data-element_type=\"widget\" data-widget_type=\"heading.default\">\n\t\t\t\t<div class=\"elementor-widget-container\">\n\t\t\t\t\t<h2 class=\"elementor-heading-title elementor-size-default\">TrueSelf Teneriffa \u2013 Dein Weg zu neuen Erlebnissen &amp; echten Momenten<\/h2>\t\t\t\t<\/div>\n\t\t\t\t<\/div>\n\t\t\t\t\t<\/div>\n\t\t\t\t<\/div>\n\t\t<div class=\"elementor-element elementor-element-cf8439f e-flex e-con-boxed e-con e-parent\" data-id=\"cf8439f\" data-element_type=\"container\">\n\t\t\t\t\t<div class=\"e-con-inner\">\n\t\t\t\t<div class=\"elementor-element elementor-element-f23add5 elementor-widget elementor-widget-text-editor\" data-id=\"f23add5\" data-element_type=\"widget\" data-widget_type=\"text-editor.default\">\n\t\t\t\t<div class=\"elementor-widget-container\">\n\t\t\t\t\t\t\t\t\t<p style=\"text-align: center;\" data-start=\"244\" data-end=\"645\"><strong>Willkommen bei TrueSelf Teneriffa \u2013 der Ort, an dem Inspiration, Freiheit und Exklusivit\u00e4t zusammenkommen. Gemeinsam mit dir m\u00f6chten wir entdecken, was dich bewegt, was dir guttut und was dein Leben bereichern kann. Unsere Angebote sind so vielf\u00e4ltig wie die Inseln selbst \u2013 und sie alle haben eines gemeinsam: Du musst dich um nichts k\u00fcmmern, wir organisieren f\u00fcr dich ein Erlebnis, das bleibt.<\/strong><\/p><p data-start=\"244\" data-end=\"645\">\u00a0<\/p><p style=\"text-align: center;\" data-start=\"647\" data-end=\"912\"><strong>\u2728 Look &amp; Feel \u2013 Sp\u00fcre Teneriffa<\/strong><br data-start=\"682\" data-end=\"685\" \/><strong>Komm nach Teneriffa, entdecke die Insel und finde heraus, ob dieser Ort vielleicht sogar deine neue Heimat werden k\u00f6nnte. Wir begleiten dich, zeigen dir die sch\u00f6nsten Pl\u00e4tze und stehen dir mit Rat und Unterst\u00fctzung zur Seite.<\/strong><\/p><p data-start=\"647\" data-end=\"912\">\u00a0<\/p><p style=\"text-align: center;\" data-start=\"914\" data-end=\"1102\"><strong>\u2728 Boot Exklusiv \u2013 Freiheit auf dem Meer<\/strong><br data-start=\"957\" data-end=\"960\" \/><strong>Erlebe unvergessliche Stunden auf unserer privaten Motorjacht. Exklusive Bootstouren, kleine Gruppen, gro\u00dfe Emotionen \u2013 das Meer geh\u00f6rt dir.<\/strong><\/p><p data-start=\"914\" data-end=\"1102\">\u00a0<\/p><p style=\"text-align: center;\" data-start=\"1104\" data-end=\"1353\"><strong>\u2728 Golf Exklusiv \u2013 Alles aus einer Hand<\/strong><br data-start=\"1146\" data-end=\"1149\" \/><strong>Komplett geplante Golfarrangements auf den sch\u00f6nsten Pl\u00e4tzen Teneriffas. Ankommen, spielen, genie\u00dfen \u2013 inklusive Hotel-Organisation, Transfers und allen Details, damit du dich nur auf dein Spiel konzentrieren musst.<\/strong><\/p><p data-start=\"1104\" data-end=\"1353\">\u00a0<\/p><p style=\"text-align: center;\" data-start=\"1355\" data-end=\"1601\"><strong>\u2728 Adventure Tours \u2013 Motorradabenteuer pur<\/strong><br data-start=\"1400\" data-end=\"1403\" \/><strong>Eine gef\u00fchrte Motorradtour \u00fcber die Kanarischen Inseln \u2013 zehn Tage, mehrere Inseln, alles organisiert. F\u00e4hren, Hotels, Bikes \u2013 wir k\u00fcmmern uns um alles, du genie\u00dft Freiheit, Kurven und Erlebnisse. (in Planung)<\/strong><\/p><p data-start=\"1355\" data-end=\"1601\">\u00a0<\/p><p style=\"text-align: center;\" data-start=\"1603\" data-end=\"1847\"><strong>\u2728 Outdoor Cooking \u2013 Genuss unter freiem Himmel<\/strong><br data-start=\"1653\" data-end=\"1656\" \/><strong>Mit unserem Partner &#8220;Freiluft K\u00fcche&#8221; und &#8220;Freiluft Manufaktur&#8221; schaffen wir auf Teneriffa und den anderen Kanarischen Inseln einen Ort f\u00fcr das ganz besondere Erlebnis im Freien das Kochen zu zelebrieren. Kochen, leben, genie\u00dfen \u2013 drau\u00dfen, mitten in der Natur.<\/strong><\/p><p data-start=\"1603\" data-end=\"1847\">\u00a0<\/p><hr data-start=\"1849\" data-end=\"1854\" \/><p data-start=\"1856\" data-end=\"2054\">\u00a0<\/p><p style=\"text-align: center;\" data-start=\"1856\" data-end=\"2054\"><strong>TrueSelf Teneriffa \u2013 das sind Nicole &amp; Franjo, mit Herz, Leidenschaft und einem klaren Ziel: dir unvergessliche Momente zu schenken und dir Wege zu zeigen, die vielleicht dein Leben ver\u00e4ndern.<\/strong><\/p><p style=\"text-align: center;\" data-start=\"2056\" data-end=\"2129\"><strong>\ud83d\udc49 Finde heraus, was dein \u201eTrueSelf\u201c auf Teneriffa f\u00fcr dich bereith\u00e4lt.<\/strong><\/p>\t\t\t\t\t\t\t\t<\/div>\n\t\t\t\t<\/div>\n\t\t\t\t\t<\/div>\n\t\t\t\t<\/div>\n\t\t<div class=\"elementor-element elementor-element-ca67597 e-flex e-con-boxed e-con e-parent\" data-id=\"ca67597\" data-element_type=\"container\">\n\t\t\t\t\t<div class=\"e-con-inner\">\n\t\t\t\t<div class=\"elementor-element elementor-element-10f818e elementor-skin-carousel elementor-arrows-yes elementor-pagination-type-bullets elementor-pagination-position-outside elementor-widget elementor-widget-media-carousel\" data-id=\"10f818e\" data-element_type=\"widget\" data-settings=\"{&quot;skin&quot;:&quot;carousel&quot;,&quot;effect&quot;:&quot;slide&quot;,&quot;show_arrows&quot;:&quot;yes&quot;,&quot;pagination&quot;:&quot;bullets&quot;,&quot;speed&quot;:500,&quot;autoplay&quot;:&quot;yes&quot;,&quot;autoplay_speed&quot;:5000,&quot;loop&quot;:&quot;yes&quot;,&quot;pause_on_hover&quot;:&quot;yes&quot;,&quot;pause_on_interaction&quot;:&quot;yes&quot;,&quot;space_between&quot;:{&quot;unit&quot;:&quot;px&quot;,&quot;size&quot;:10,&quot;sizes&quot;:[]},&quot;space_between_tablet&quot;:{&quot;unit&quot;:&quot;px&quot;,&quot;size&quot;:10,&quot;sizes&quot;:[]},&quot;space_between_mobile&quot;:{&quot;unit&quot;:&quot;px&quot;,&quot;size&quot;:10,&quot;sizes&quot;:[]}}\" data-widget_type=\"media-carousel.default\">\n\t\t\t\t<div class=\"elementor-widget-container\">\n\t\t\t\t\t\t\t\t\t<div class=\"elementor-swiper\">\n\t\t\t\t\t<div class=\"elementor-main-swiper swiper\" role=\"region\" aria-roledescription=\"carousel\" aria-label=\"Slides\">\n\t\t\t\t<div class=\"swiper-wrapper\">\n\t\t\t\t\t\t\t\t\t\t\t<div class=\"swiper-slide\" role=\"group\" aria-roledescription=\"slide\">\n\t\t\t\t\t\t\t\t\t<div class=\"elementor-carousel-image\" role=\"img\" aria-label=\"IMG 4174\" style=\"background-image: url(&#039;https:\/\/trueself-teneriffa.de\/wp-content\/uploads\/2025\/10\/IMG_4174.jpg&#039;)\">\n\n\t\t\t\n\t\t\t\t\t<\/div>\n\t\t\t\t\t\t\t\t<\/div>\n\t\t\t\t\t\t\t\t\t\t\t<div class=\"swiper-slide\" role=\"group\" aria-roledescription=\"slide\">\n\t\t\t\t\t\t\t\t\t<div class=\"elementor-carousel-image\" role=\"img\" aria-label=\"trueself coaching beach\" style=\"background-image: url(&#039;https:\/\/trueself-teneriffa.de\/wp-content\/uploads\/2025\/08\/trueself-coaching-beach.jpeg&#039;)\">\n\n\t\t\t\n\t\t\t\t\t<\/div>\n\t\t\t\t\t\t\t\t<\/div>\n\t\t\t\t\t\t\t\t\t\t\t<div class=\"swiper-slide\" role=\"group\" aria-roledescription=\"slide\">\n\t\t\t\t\t\t\t\t\t<div class=\"elementor-carousel-image\" role=\"img\" aria-label=\"Sonnenuntergang La Caleta\" style=\"background-image: url(&#039;https:\/\/trueself-teneriffa.de\/wp-content\/uploads\/2024\/03\/Sonnenuntergang_La_Caleta.jpg&#039;)\">\n\n\t\t\t\n\t\t\t\t\t<\/div>\n\t\t\t\t\t\t\t\t<\/div>\n\t\t\t\t\t\t\t\t\t\t\t<div class=\"swiper-slide\" role=\"group\" aria-roledescription=\"slide\">\n\t\t\t\t\t\t\t\t\t<div class=\"elementor-carousel-image\" role=\"img\" aria-label=\"IMG 6704\" style=\"background-image: url(&#039;https:\/\/trueself-teneriffa.de\/wp-content\/uploads\/2025\/10\/IMG_6704.jpg&#039;)\">\n\n\t\t\t\n\t\t\t\t\t<\/div>\n\t\t\t\t\t\t\t\t<\/div>\n\t\t\t\t\t\t\t\t\t\t\t<div class=\"swiper-slide\" role=\"group\" aria-roledescription=\"slide\">\n\t\t\t\t\t\t\t\t\t<div class=\"elementor-carousel-image\" role=\"img\" aria-label=\"Teide Nationalpark\" style=\"background-image: url(&#039;https:\/\/trueself-teneriffa.de\/wp-content\/uploads\/2024\/03\/Teide_Nationalpark.jpg&#039;)\">\n\n\t\t\t\n\t\t\t\t\t<\/div>\n\t\t\t\t\t\t\t\t<\/div>\n\t\t\t\t\t\t\t\t\t\t\t<div class=\"swiper-slide\" role=\"group\" aria-roledescription=\"slide\">\n\t\t\t\t\t\t\t\t\t<div class=\"elementor-carousel-image\" role=\"img\" aria-label=\"Playa Benijo\" style=\"background-image: url(&#039;https:\/\/trueself-teneriffa.de\/wp-content\/uploads\/2024\/03\/Playa_Benijo.jpg&#039;)\">\n\n\t\t\t\n\t\t\t\t\t<\/div>\n\t\t\t\t\t\t\t\t<\/div>\n\t\t\t\t\t\t\t\t\t\t\t<div class=\"swiper-slide\" role=\"group\" aria-roledescription=\"slide\">\n\t\t\t\t\t\t\t\t\t<div class=\"elementor-carousel-image\" role=\"img\" aria-label=\"Buena Vista Ku\u0308stenweg\" style=\"background-image: url(&#039;https:\/\/trueself-teneriffa.de\/wp-content\/uploads\/2024\/03\/Buena-Vista_Kuestenweg.jpg&#039;)\">\n\n\t\t\t\n\t\t\t\t\t<\/div>\n\t\t\t\t\t\t\t\t<\/div>\n\t\t\t\t\t\t\t\t\t\t\t<div class=\"swiper-slide\" role=\"group\" aria-roledescription=\"slide\">\n\t\t\t\t\t\t\t\t\t<div class=\"elementor-carousel-image\" role=\"img\" aria-label=\"Naturschwimmbad Adeje\" style=\"background-image: url(&#039;https:\/\/trueself-teneriffa.de\/wp-content\/uploads\/2024\/03\/Naturschwimmbad_Adeje.jpg&#039;)\">\n\n\t\t\t\n\t\t\t\t\t<\/div>\n\t\t\t\t\t\t\t\t<\/div>\n\t\t\t\t\t\t\t\t\t\t\t<div class=\"swiper-slide\" role=\"group\" aria-roledescription=\"slide\">\n\t\t\t\t\t\t\t\t\t<div class=\"elementor-carousel-image\" role=\"img\" aria-label=\"Blick auf Gran Canaria\" style=\"background-image: url(&#039;https:\/\/trueself-teneriffa.de\/wp-content\/uploads\/2024\/03\/Blick_auf_Gran_Canaria.jpg&#039;)\">\n\n\t\t\t\n\t\t\t\t\t<\/div>\n\t\t\t\t\t\t\t\t<\/div>\n\t\t\t\t\t\t\t\t\t\t\t<div class=\"swiper-slide\" role=\"group\" aria-roledescription=\"slide\">\n\t\t\t\t\t\t\t\t\t<div class=\"elementor-carousel-image\" role=\"img\" aria-label=\"trueself-teneriffa-sonnenuntergang\" style=\"background-image: url(&#039;https:\/\/trueself-teneriffa.de\/wp-content\/uploads\/2023\/11\/trueself-teneriffa-sonnenuntergang.jpg&#039;)\">\n\n\t\t\t\n\t\t\t\t\t<\/div>\n\t\t\t\t\t\t\t\t<\/div>\n\t\t\t\t\t\t\t\t\t\t\t<div class=\"swiper-slide\" role=\"group\" aria-roledescription=\"slide\">\n\t\t\t\t\t\t\t\t\t<div class=\"elementor-carousel-image\" role=\"img\" aria-label=\"amarillo golf\" style=\"background-image: url(&#039;https:\/\/trueself-teneriffa.de\/wp-content\/uploads\/2023\/11\/amarillo-golf.jpeg&#039;)\">\n\n\t\t\t\n\t\t\t\t\t<\/div>\n\t\t\t\t\t\t\t\t<\/div>\n\t\t\t\t\t\t\t\t\t\t\t<div class=\"swiper-slide\" role=\"group\" aria-roledescription=\"slide\">\n\t\t\t\t\t\t\t\t\t<div class=\"elementor-carousel-image\" role=\"img\" aria-label=\"Amarilla Golf\" style=\"background-image: url(&#039;https:\/\/trueself-teneriffa.de\/wp-content\/uploads\/2024\/03\/Amarilla_Golf.jpg&#039;)\">\n\n\t\t\t\n\t\t\t\t\t<\/div>\n\t\t\t\t\t\t\t\t<\/div>\n\t\t\t\t\t\t\t\t\t\t\t<div class=\"swiper-slide\" role=\"group\" aria-roledescription=\"slide\">\n\t\t\t\t\t\t\t\t\t<div class=\"elementor-carousel-image\" role=\"img\" aria-label=\"buena vista golf\" style=\"background-image: url(&#039;https:\/\/trueself-teneriffa.de\/wp-content\/uploads\/2023\/11\/buena-vista-golf.jpg&#039;)\">\n\n\t\t\t\n\t\t\t\t\t<\/div>\n\t\t\t\t\t\t\t\t<\/div>\n\t\t\t\t\t\t\t\t\t\t\t<div class=\"swiper-slide\" role=\"group\" aria-roledescription=\"slide\">\n\t\t\t\t\t\t\t\t\t<div class=\"elementor-carousel-image\" role=\"img\" aria-label=\"AIDA 2014 5221\" style=\"background-image: url(&#039;https:\/\/trueself-teneriffa.de\/wp-content\/uploads\/2024\/03\/AIDA_2014-5221.jpg&#039;)\">\n\n\t\t\t\n\t\t\t\t\t<\/div>\n\t\t\t\t\t\t\t\t<\/div>\n\t\t\t\t\t\t\t\t\t\t\t<div class=\"swiper-slide\" role=\"group\" aria-roledescription=\"slide\">\n\t\t\t\t\t\t\t\t\t<div class=\"elementor-carousel-image\" role=\"img\" aria-label=\"trueself-teneriffa-boot-9\" style=\"background-image: url(&#039;https:\/\/trueself-teneriffa.de\/wp-content\/uploads\/2023\/05\/trueself-teneriffa-boot-9.jpg&#039;)\">\n\n\t\t\t\n\t\t\t\t\t<\/div>\n\t\t\t\t\t\t\t\t<\/div>\n\t\t\t\t\t\t\t\t\t\t\t<div class=\"swiper-slide\" role=\"group\" aria-roledescription=\"slide\">\n\t\t\t\t\t\t\t\t\t<div class=\"elementor-carousel-image\" role=\"img\" aria-label=\"F800GS\" style=\"background-image: url(&#039;https:\/\/trueself-teneriffa.de\/wp-content\/uploads\/2023\/05\/F800GS.jpg&#039;)\">\n\n\t\t\t\n\t\t\t\t\t<\/div>\n\t\t\t\t\t\t\t\t<\/div>\n\t\t\t\t\t\t\t\t\t\t\t<div class=\"swiper-slide\" role=\"group\" aria-roledescription=\"slide\">\n\t\t\t\t\t\t\t\t\t<div class=\"elementor-carousel-image\" role=\"img\" aria-label=\"Puerto San Miguel\" style=\"background-image: url(&#039;https:\/\/trueself-teneriffa.de\/wp-content\/uploads\/2024\/03\/Puerto_San_Miguel.jpg&#039;)\">\n\n\t\t\t\n\t\t\t\t\t<\/div>\n\t\t\t\t\t\t\t\t<\/div>\n\t\t\t\t\t\t\t\t\t\t\t<div class=\"swiper-slide\" role=\"group\" aria-roledescription=\"slide\">\n\t\t\t\t\t\t\t\t\t<div class=\"elementor-carousel-image\" role=\"img\" aria-label=\"IMG 1219\" style=\"background-image: url(&#039;https:\/\/trueself-teneriffa.de\/wp-content\/uploads\/2025\/10\/IMG_1219-e1759926082201.jpeg&#039;)\">\n\n\t\t\t\n\t\t\t\t\t<\/div>\n\t\t\t\t\t\t\t\t<\/div>\n\t\t\t\t\t\t\t\t\t\t\t<div class=\"swiper-slide\" role=\"group\" aria-roledescription=\"slide\">\n\t\t\t\t\t\t\t\t\t<div class=\"elementor-carousel-image\" role=\"img\" aria-label=\"strand-teneriffa\" style=\"background-image: url(&#039;https:\/\/trueself-teneriffa.de\/wp-content\/uploads\/2022\/05\/strand-teneriffa.jpeg&#039;)\">\n\n\t\t\t\n\t\t\t\t\t<\/div>\n\t\t\t\t\t\t\t\t<\/div>\n\t\t\t\t\t\t\t\t\t\t\t<div class=\"swiper-slide\" role=\"group\" aria-roledescription=\"slide\">\n\t\t\t\t\t\t\t\t\t<div class=\"elementor-carousel-image\" role=\"img\" aria-label=\"IMG_8243\" style=\"background-image: url(&#039;https:\/\/trueself-teneriffa.de\/wp-content\/uploads\/2022\/05\/IMG_8243.jpeg&#039;)\">\n\n\t\t\t\n\t\t\t\t\t<\/div>\n\t\t\t\t\t\t\t\t<\/div>\n\t\t\t\t\t\t\t\t\t<\/div>\n\t\t\t\t\t\t\t\t\t\t\t\t\t\t\t<div class=\"elementor-swiper-button elementor-swiper-button-prev\" role=\"button\" tabindex=\"0\" aria-label=\"Previous\">\n\t\t\t\t\t\t\t<svg aria-hidden=\"true\" class=\"e-font-icon-svg e-eicon-chevron-left\" viewbox=\"0 0 1000 1000\" xmlns=\"http:\/\/www.w3.org\/2000\/svg\"><path d=\"M646 125C629 125 613 133 604 142L308 442C296 454 292 471 292 487 292 504 296 521 308 533L604 854C617 867 629 875 646 875 663 875 679 871 692 858 704 846 713 829 713 812 713 796 708 779 692 767L438 487 692 225C700 217 708 204 708 187 708 171 704 154 692 142 675 129 663 125 646 125Z\"><\/path><\/svg>\t\t\t\t\t\t<\/div>\n\t\t\t\t\t\t<div class=\"elementor-swiper-button elementor-swiper-button-next\" role=\"button\" tabindex=\"0\" aria-label=\"Next\">\n\t\t\t\t\t\t\t<svg aria-hidden=\"true\" class=\"e-font-icon-svg e-eicon-chevron-right\" viewbox=\"0 0 1000 1000\" xmlns=\"http:\/\/www.w3.org\/2000\/svg\"><path d=\"M696 533C708 521 713 504 713 487 713 471 708 454 696 446L400 146C388 133 375 125 354 125 338 125 325 129 313 142 300 154 292 171 292 187 292 204 296 221 308 233L563 492 304 771C292 783 288 800 288 817 288 833 296 850 308 863 321 871 338 875 354 875 371 875 388 867 400 854L696 533Z\"><\/path><\/svg>\t\t\t\t\t\t<\/div>\n\t\t\t\t\t\t\t\t\t\t\t\t\t\t\t\t<div class=\"swiper-pagination\"><\/div>\n\t\t\t\t\t\t\t\t\t\t\t\t<\/div>\n\t\t\t\t<\/div>\n\t\t\t\t\t\t\t\t<\/div>\n\t\t\t\t<\/div>\n\t\t\t\t\t<\/div>\n\t\t\t\t<\/div>\n\t\t<div class=\"elementor-element elementor-element-6cb2880 e-flex e-con-boxed e-con e-parent\" data-id=\"6cb2880\" data-element_type=\"container\">\n\t\t\t\t\t<div class=\"e-con-inner\">\n\t\t\t\t<div class=\"elementor-element elementor-element-02f0996 elementor-widget elementor-widget-video\" data-id=\"02f0996\" data-element_type=\"widget\" data-settings=\"{&quot;video_type&quot;:&quot;hosted&quot;,&quot;start&quot;:20,&quot;autoplay&quot;:&quot;yes&quot;,&quot;play_on_mobile&quot;:&quot;yes&quot;,&quot;loop&quot;:&quot;yes&quot;,&quot;mute&quot;:&quot;yes&quot;,&quot;controls&quot;:&quot;yes&quot;}\" data-widget_type=\"video.default\">\n\t\t\t\t<div class=\"elementor-widget-container\">\n\t\t\t\t\t\t\t<div class=\"e-hosted-video elementor-wrapper elementor-open-inline\">\n\t\t\t\t\t<video class=\"elementor-video\" src=\"https:\/\/trueself-teneriffa.de\/wp-content\/uploads\/2025\/10\/Las_Tericitas_Startseite_HD.mp4#t=20\" autoplay=\"\" loop=\"\" controls=\"\" muted=\"muted\" playsinline=\"\" controlslist=\"nodownload\"><\/video>\n\t\t\t\t<\/div>\n\t\t\t\t\t\t<\/div>\n\t\t\t\t<\/div>\n\t\t\t\t\t<\/div>\n\t\t\t\t<\/div>\n\t\t<div class=\"elementor-element elementor-element-41a2e69 e-flex e-con-boxed e-con e-parent\" data-id=\"41a2e69\" data-element_type=\"container\">\n\t\t\t\t\t<div class=\"e-con-inner\">\n\t\t\t\t<div class=\"elementor-element elementor-element-4cfe908 elementor-cta--skin-cover elementor-animated-content elementor-bg-transform elementor-bg-transform-zoom-in elementor-widget elementor-widget-call-to-action\" data-id=\"4cfe908\" data-element_type=\"widget\" data-widget_type=\"call-to-action.default\">\n\t\t\t\t<div class=\"elementor-widget-container\">\n\t\t\t\t\t\t\t<div class=\"elementor-cta\">\n\t\t\t\t\t<div class=\"elementor-cta__bg-wrapper\">\n\t\t\t\t<div class=\"elementor-cta__bg elementor-bg\" style=\"background-image: url(https:\/\/trueself-teneriffa.de\/wp-content\/uploads\/2025\/10\/IMG_6702.jpg);\" role=\"img\" aria-label=\"IMG 6702\"><\/div>\n\t\t\t\t<div class=\"elementor-cta__bg-overlay\"><\/div>\n\t\t\t<\/div>\n\t\t\t\t\t\t\t<div class=\"elementor-cta__content\">\n\t\t\t\t\n\t\t\t\t\t\t\t\t\t<h2 class=\"elementor-cta__title elementor-cta__content-item elementor-content-item elementor-animated-item--grow\">\n\t\t\t\t\t\tKONTAKTIERE UNS EINFACH UND UNKOMPLIZIERT\t\t\t\t\t<\/h2>\n\t\t\t\t\n\t\t\t\t\t\t\t\t\t<div class=\"elementor-cta__description elementor-cta__content-item elementor-content-item elementor-animated-item--grow\">\n\t\t\t\t\t\t\u00fcber WhatsApp\t\t\t\t\t<\/div>\n\t\t\t\t\n\t\t\t\t\t\t\t\t\t<div class=\"elementor-cta__button-wrapper elementor-cta__content-item elementor-content-item elementor-animated-item--grow\">\n\t\t\t\t\t<a class=\"elementor-cta__button elementor-button elementor-size-\" href=\"https:\/\/wa.me\/491718083540\" target=\"_blank\">\n\t\t\t\t\t\tApp \u00f6ffnen\t\t\t\t\t<\/a>\n\t\t\t\t\t<\/div>\n\t\t\t\t\t\t\t<\/div>\n\t\t\t\t\t\t<\/div>\n\t\t\t\t\t\t<\/div>\n\t\t\t\t<\/div>\n\t\t\t\t\t<\/div>\n\t\t\t\t<\/div>\n\t\t\t\t<\/div>","protected":false},"excerpt":{"rendered":"<p>Collect Moments Not Things Wo Freiheit, Freude und Inspiration dich finden TrueSelf Teneriffa \u2013 Dein Weg zu neuen Erlebnissen &amp; echten Momenten Willkommen bei TrueSelf Teneriffa \u2013 der Ort, an dem Inspiration, Freiheit und Exklusivit\u00e4t zusammenkommen. Gemeinsam mit dir m\u00f6chten wir entdecken, was dich bewegt, was dir guttut und was dein Leben bereichern kann. Unsere [&hellip;]<\/p>","protected":false},"author":1,"featured_media":23,"parent":0,"menu_order":0,"comment_status":"closed","ping_status":"closed","template":"","meta":{"footnotes":""},"class_list":["post-11","page","type-page","status-publish","has-post-thumbnail","hentry"],"_links":{"self":[{"href":"https:\/\/trueself-teneriffa.de\/en\/wp-json\/wp\/v2\/pages\/11","targetHints":{"allow":["GET"]}}],"collection":[{"href":"https:\/\/trueself-teneriffa.de\/en\/wp-json\/wp\/v2\/pages"}],"about":[{"href":"https:\/\/trueself-teneriffa.de\/en\/wp-json\/wp\/v2\/types\/page"}],"author":[{"embeddable":true,"href":"https:\/\/trueself-teneriffa.de\/en\/wp-json\/wp\/v2\/users\/1"}],"replies":[{"embeddable":true,"href":"https:\/\/trueself-teneriffa.de\/en\/wp-json\/wp\/v2\/comments?post=11"}],"version-history":[{"count":129,"href":"https:\/\/trueself-teneriffa.de\/en\/wp-json\/wp\/v2\/pages\/11\/revisions"}],"predecessor-version":[{"id":10736,"href":"https:\/\/trueself-teneriffa.de\/en\/wp-json\/wp\/v2\/pages\/11\/revisions\/10736"}],"wp:featuredmedia":[{"embeddable":true,"href":"https:\/\/trueself-teneriffa.de\/en\/wp-json\/wp\/v2\/media\/23"}],"wp:attachment":[{"href":"https:\/\/trueself-teneriffa.de\/en\/wp-json\/wp\/v2\/media?parent=11"}],"curies":[{"name":"wp","href":"https:\/\/api.w.org\/{rel}","templated":true}]}}